{"id":259,"date":"2025-12-10T17:20:28","date_gmt":"2025-12-10T17:20:28","guid":{"rendered":"https:\/\/gaec-ancia.fr\/?page_id=259"},"modified":"2026-03-20T09:31:29","modified_gmt":"2026-03-20T08:31:29","slug":"nos-plants","status":"publish","type":"page","link":"https:\/\/gaec-ancia.fr\/index.php\/nos-plants\/","title":{"rendered":"Nos plants"},"content":{"rendered":"\t\t<div data-elementor-type=\"wp-page\" data-elementor-id=\"259\" class=\"elementor elementor-259\">\n\t\t\t\t<div class=\"elementor-element elementor-element-48b054e e-flex e-con-boxed e-con e-parent\" data-id=\"48b054e\" data-element_type=\"container\" data-e-type=\"container\">\n\t\t\t\t\t<div class=\"e-con-inner\">\n\t\t\t\t<div class=\"elementor-element elementor-element-9f8b8f0 elementor-widget elementor-widget-heading\" data-id=\"9f8b8f0\" data-element_type=\"widget\" data-e-type=\"widget\" data-widget_type=\"heading.default\">\n\t\t\t\t\t<h2 class=\"elementor-heading-title elementor-size-default\">Plants bio adapt\u00e9s \u00e0 la saison et au territoire<\/h1><\/h2>\t\t\t\t<\/div>\n\t\t\t\t\t<\/div>\n\t\t\t\t<\/div>\n\t\t<div class=\"elementor-element elementor-element-73452a0 e-flex e-con-boxed e-con e-parent\" data-id=\"73452a0\" data-element_type=\"container\" data-e-type=\"container\" data-settings=\"{&quot;background_background&quot;:&quot;classic&quot;}\">\n\t\t\t\t\t<div class=\"e-con-inner\">\n\t\t\t\t<div class=\"elementor-element elementor-element-3e10403 elementor-widget elementor-widget-text-editor\" data-id=\"3e10403\" data-element_type=\"widget\" data-e-type=\"widget\" data-widget_type=\"text-editor.default\">\n\t\t\t\t\t\t\t\t\t<h1><em>Des esp\u00e8ces &amp; vari\u00e9t\u00e9s choisies avec soin pour le Pays Basque et le B\u00e9arn<\/em><\/h1><p><strong>T\u00e9l\u00e9chargez ci-dessous nos catalogues<\/strong><\/p>\t\t\t\t\t\t\t\t<\/div>\n\t\t\t\t\t<\/div>\n\t\t\t\t<\/div>\n\t\t<div class=\"elementor-element elementor-element-af7a341 e-flex e-con-boxed e-con e-parent\" data-id=\"af7a341\" data-element_type=\"container\" data-e-type=\"container\">\n\t\t\t\t\t<div class=\"e-con-inner\">\n\t\t\t\t<div class=\"elementor-element elementor-element-4cc8ad6 elementor-widget elementor-widget-n-accordion\" data-id=\"4cc8ad6\" data-element_type=\"widget\" data-e-type=\"widget\" data-settings=\"{&quot;default_state&quot;:&quot;expanded&quot;,&quot;max_items_expended&quot;:&quot;one&quot;,&quot;n_accordion_animation_duration&quot;:{&quot;unit&quot;:&quot;ms&quot;,&quot;size&quot;:400,&quot;sizes&quot;:[]}}\" data-widget_type=\"nested-accordion.default\">\n\t\t\t\t\t\t\t<div class=\"e-n-accordion\" aria-label=\"Accordion. Open links with Enter or Space, close with Escape, and navigate with Arrow Keys\">\n\t\t\t\t\t\t<details id=\"e-n-accordion-item-8050\" class=\"e-n-accordion-item\" open>\n\t\t\t\t<summary class=\"e-n-accordion-item-title\" data-accordion-index=\"1\" tabindex=\"0\" aria-expanded=\"true\" aria-controls=\"e-n-accordion-item-8050\" >\n\t\t\t\t\t<span class='e-n-accordion-item-title-header'><div class=\"e-n-accordion-item-title-text\"> PARTICULIERS <\/div><\/span>\n\t\t\t\t\t\t\t<span class='e-n-accordion-item-title-icon'>\n\t\t\t<span class='e-opened' ><svg aria-hidden=\"true\" class=\"e-font-icon-svg e-fas-minus\" viewBox=\"0 0 448 512\" xmlns=\"http:\/\/www.w3.org\/2000\/svg\"><path d=\"M416 208H32c-17.67 0-32 14.33-32 32v32c0 17.67 14.33 32 32 32h384c17.67 0 32-14.33 32-32v-32c0-17.67-14.33-32-32-32z\"><\/path><\/svg><\/span>\n\t\t\t<span class='e-closed'><svg aria-hidden=\"true\" class=\"e-font-icon-svg e-fas-plus\" viewBox=\"0 0 448 512\" xmlns=\"http:\/\/www.w3.org\/2000\/svg\"><path d=\"M416 208H272V64c0-17.67-14.33-32-32-32h-32c-17.67 0-32 14.33-32 32v144H32c-17.67 0-32 14.33-32 32v32c0 17.67 14.33 32 32 32h144v144c0 17.67 14.33 32 32 32h32c17.67 0 32-14.33 32-32V304h144c17.67 0 32-14.33 32-32v-32c0-17.67-14.33-32-32-32z\"><\/path><\/svg><\/span>\n\t\t<\/span>\n\n\t\t\t\t\t\t<\/summary>\n\t\t\t\t<div role=\"region\" aria-labelledby=\"e-n-accordion-item-8050\" class=\"elementor-element elementor-element-ab136bd e-con-full e-flex e-con e-child\" data-id=\"ab136bd\" data-element_type=\"container\" data-e-type=\"container\">\n\t\t\t\t<div class=\"elementor-element elementor-element-669135c elementor-widget elementor-widget-text-editor\" data-id=\"669135c\" data-element_type=\"widget\" data-e-type=\"widget\" data-widget_type=\"text-editor.default\">\n\t\t\t\t\t\t\t\t\t<p>Ces listes correspondent \u00e0 notre production de d\u00e9but de saison.<\/p><p>Au fil des ventes, certaines vari\u00e9t\u00e9s ne seront peut-\u00eatre plus disponibles !<\/p><p>Venez \u00e0 notre rencontre, nous vous accueillerons dans nos serres de Sauguis.<\/p><p>Pensez \u00e0 apporter vos cageots ou cartons pour emporter vos achats svp.<\/p><p>Vous pouvez aussi nous rapporter vos godets apr\u00e8s plantation.<\/p>\t\t\t\t\t\t\t\t<\/div>\n\t\t\t\t<\/div>\n\t\t\t\t\t<\/details>\n\t\t\t\t\t\t<details id=\"e-n-accordion-item-8051\" class=\"e-n-accordion-item\" >\n\t\t\t\t<summary class=\"e-n-accordion-item-title\" data-accordion-index=\"2\" tabindex=\"-1\" aria-expanded=\"false\" aria-controls=\"e-n-accordion-item-8051\" >\n\t\t\t\t\t<span class='e-n-accordion-item-title-header'><div class=\"e-n-accordion-item-title-text\"> PROFESSIONNELS <\/div><\/span>\n\t\t\t\t\t\t\t<span class='e-n-accordion-item-title-icon'>\n\t\t\t<span class='e-opened' ><svg aria-hidden=\"true\" class=\"e-font-icon-svg e-fas-minus\" viewBox=\"0 0 448 512\" xmlns=\"http:\/\/www.w3.org\/2000\/svg\"><path d=\"M416 208H32c-17.67 0-32 14.33-32 32v32c0 17.67 14.33 32 32 32h384c17.67 0 32-14.33 32-32v-32c0-17.67-14.33-32-32-32z\"><\/path><\/svg><\/span>\n\t\t\t<span class='e-closed'><svg aria-hidden=\"true\" class=\"e-font-icon-svg e-fas-plus\" viewBox=\"0 0 448 512\" xmlns=\"http:\/\/www.w3.org\/2000\/svg\"><path d=\"M416 208H272V64c0-17.67-14.33-32-32-32h-32c-17.67 0-32 14.33-32 32v144H32c-17.67 0-32 14.33-32 32v32c0 17.67 14.33 32 32 32h144v144c0 17.67 14.33 32 32 32h32c17.67 0 32-14.33 32-32V304h144c17.67 0 32-14.33 32-32v-32c0-17.67-14.33-32-32-32z\"><\/path><\/svg><\/span>\n\t\t<\/span>\n\n\t\t\t\t\t\t<\/summary>\n\t\t\t\t<div role=\"region\" aria-labelledby=\"e-n-accordion-item-8051\" class=\"elementor-element elementor-element-15c5592 e-con-full e-flex e-con e-child\" data-id=\"15c5592\" data-element_type=\"container\" data-e-type=\"container\">\n\t\t\t\t<div class=\"elementor-element elementor-element-e5f00b1 elementor-widget elementor-widget-text-editor\" data-id=\"e5f00b1\" data-element_type=\"widget\" data-e-type=\"widget\" data-widget_type=\"text-editor.default\">\n\t\t\t\t\t\t\t\t\t<p>Les commandes sont \u00e0 envoyer avant le 30 novembre pour l&rsquo;ann\u00e9e suivante.<\/p><p>Nous pouvons cependant essayer de vous \u00ab\u00a0d\u00e9panner\u00a0\u00bb en particulier pour les plants en mini-mottes (salades, oignons, etc.).<\/p><p>Nous pouvons aussi vous proposer des mottes \u00ab\u00a0vierges\u00a0\u00bb de diff\u00e9rentes tailles (3 cm &#8211; 5 cm &#8211; 7 cm) si vous faites vos plants.<\/p><p>Contactez nous pour plus d&rsquo;informations<\/p>\t\t\t\t\t\t\t\t<\/div>\n\t\t\t\t<\/div>\n\t\t\t\t\t<\/details>\n\t\t\t\t\t<\/div>\n\t\t\t\t\t\t<\/div>\n\t\t\t\t\t<\/div>\n\t\t\t\t<\/div>\n\t\t<div class=\"elementor-element elementor-element-d92700c e-grid e-con-boxed e-con e-parent\" data-id=\"d92700c\" data-element_type=\"container\" data-e-type=\"container\">\n\t\t\t\t\t<div class=\"e-con-inner\">\n\t\t\t\t<div class=\"elementor-element elementor-element-ba589b8 elementor-widget elementor-widget-image\" data-id=\"ba589b8\" data-element_type=\"widget\" data-e-type=\"widget\" data-widget_type=\"image.default\">\n\t\t\t\t\t\t\t\t\t\t\t\t\t\t\t<img fetchpriority=\"high\" decoding=\"async\" width=\"615\" height=\"563\" src=\"https:\/\/gaec-ancia.fr\/wp-content\/uploads\/2026\/03\/Image-Lagumes.jpg\" class=\"attachment-full size-full wp-image-598\" alt=\"Photo de l\u00e9gumes d&#039;\u00e9t\u00e9 vari\u00e9s\" srcset=\"https:\/\/gaec-ancia.fr\/wp-content\/uploads\/2026\/03\/Image-Lagumes.jpg 615w, https:\/\/gaec-ancia.fr\/wp-content\/uploads\/2026\/03\/Image-Lagumes-300x275.jpg 300w\" sizes=\"(max-width: 615px) 100vw, 615px\" \/>\t\t\t\t\t\t\t\t\t\t\t\t\t\t\t<\/div>\n\t\t\t\t<div class=\"elementor-element elementor-element-7bafec3 elementor-widget elementor-widget-image\" data-id=\"7bafec3\" data-element_type=\"widget\" data-e-type=\"widget\" data-widget_type=\"image.default\">\n\t\t\t\t\t\t\t\t\t\t\t\t\t\t\t<img decoding=\"async\" width=\"582\" height=\"536\" src=\"https:\/\/gaec-ancia.fr\/wp-content\/uploads\/2026\/03\/Image-Aromatiques-et-petits-fruits.jpg\" class=\"attachment-large size-large wp-image-595\" alt=\"photo d&#039;aromatiques vari\u00e9es de couleur verte et de petits fruits (fraise, cassis, framboise, mure) avec texte explicite\" srcset=\"https:\/\/gaec-ancia.fr\/wp-content\/uploads\/2026\/03\/Image-Aromatiques-et-petits-fruits.jpg 582w, https:\/\/gaec-ancia.fr\/wp-content\/uploads\/2026\/03\/Image-Aromatiques-et-petits-fruits-300x276.jpg 300w\" sizes=\"(max-width: 582px) 100vw, 582px\" \/>\t\t\t\t\t\t\t\t\t\t\t\t\t\t\t<\/div>\n\t\t\t\t<div class=\"elementor-element elementor-element-f4fed20 elementor-widget elementor-widget-image\" data-id=\"f4fed20\" data-element_type=\"widget\" data-e-type=\"widget\" data-widget_type=\"image.default\">\n\t\t\t\t\t\t\t\t\t\t\t\t\t\t\t<img decoding=\"async\" width=\"582\" height=\"532\" src=\"https:\/\/gaec-ancia.fr\/wp-content\/uploads\/2026\/03\/Image-Fleurs.jpg\" class=\"attachment-large size-large wp-image-597\" alt=\"Photo de fleurs vari\u00e9es\" srcset=\"https:\/\/gaec-ancia.fr\/wp-content\/uploads\/2026\/03\/Image-Fleurs.jpg 582w, https:\/\/gaec-ancia.fr\/wp-content\/uploads\/2026\/03\/Image-Fleurs-300x274.jpg 300w\" sizes=\"(max-width: 582px) 100vw, 582px\" \/>\t\t\t\t\t\t\t\t\t\t\t\t\t\t\t<\/div>\n\t\t\t\t\t<\/div>\n\t\t\t\t<\/div>\n\t\t<div class=\"elementor-element elementor-element-a21d343 e-grid e-con-boxed e-con e-parent\" data-id=\"a21d343\" data-element_type=\"container\" data-e-type=\"container\">\n\t\t\t\t\t<div class=\"e-con-inner\">\n\t\t\t\t<div class=\"elementor-element elementor-element-9bcdc40 elementor-align-center elementor-widget elementor-widget-button\" data-id=\"9bcdc40\" data-element_type=\"widget\" data-e-type=\"widget\" data-widget_type=\"button.default\">\n\t\t\t\t\t\t\t\t\t\t<a class=\"elementor-button elementor-button-link elementor-size-sm\" href=\"https:\/\/gaec-ancia.fr\/wp-content\/uploads\/2026\/03\/Description_Legumes_GAEC_ANCIA_2026_WebVF6.pdf\" target=\"_blank\">\n\t\t\t\t\t\t<span class=\"elementor-button-content-wrapper\">\n\t\t\t\t\t\t\t\t\t<span class=\"elementor-button-text\">Description d\u00e9taill\u00e9e Fran\u00e7ais \/ basque<\/span>\n\t\t\t\t\t<\/span>\n\t\t\t\t\t<\/a>\n\t\t\t\t\t\t\t\t<\/div>\n\t\t\t\t<div class=\"elementor-element elementor-element-91c516f elementor-align-center elementor-widget elementor-widget-button\" data-id=\"91c516f\" data-element_type=\"widget\" data-e-type=\"widget\" data-widget_type=\"button.default\">\n\t\t\t\t\t\t\t\t\t\t<a class=\"elementor-button elementor-button-link elementor-size-sm\" href=\"https:\/\/gaec-ancia.fr\/wp-content\/uploads\/2026\/03\/Description_AromTifruits_GAECANCIA_2026_WebVF6.pdf\" target=\"_blank\">\n\t\t\t\t\t\t<span class=\"elementor-button-content-wrapper\">\n\t\t\t\t\t\t\t\t\t<span class=\"elementor-button-text\">Description d\u00e9taill\u00e9e Fran\u00e7ais \/ basque<\/span>\n\t\t\t\t\t<\/span>\n\t\t\t\t\t<\/a>\n\t\t\t\t\t\t\t\t<\/div>\n\t\t\t\t<div class=\"elementor-element elementor-element-64ebc07 elementor-align-center elementor-widget elementor-widget-button\" data-id=\"64ebc07\" data-element_type=\"widget\" data-e-type=\"widget\" data-widget_type=\"button.default\">\n\t\t\t\t\t\t\t\t\t\t<a class=\"elementor-button elementor-button-link elementor-size-sm\" href=\"https:\/\/gaec-ancia.fr\/wp-content\/uploads\/2026\/03\/Description_Fleurs_GAECANCIA_2026_WebVF6.pdf\" target=\"_blank\">\n\t\t\t\t\t\t<span class=\"elementor-button-content-wrapper\">\n\t\t\t\t\t\t\t\t\t<span class=\"elementor-button-text\">Description d\u00e9taill\u00e9e Fran\u00e7ais \/ basque<\/span>\n\t\t\t\t\t<\/span>\n\t\t\t\t\t<\/a>\n\t\t\t\t\t\t\t\t<\/div>\n\t\t\t\t\t<\/div>\n\t\t\t\t<\/div>\n\t\t<div class=\"elementor-element elementor-element-2af1ac9 e-grid e-con-boxed e-con e-parent\" data-id=\"2af1ac9\" data-element_type=\"container\" data-e-type=\"container\">\n\t\t\t\t\t<div class=\"e-con-inner\">\n\t\t\t\t<div class=\"elementor-element elementor-element-99f58f7 elementor-align-center elementor-widget elementor-widget-button\" data-id=\"99f58f7\" data-element_type=\"widget\" data-e-type=\"widget\" data-widget_type=\"button.default\">\n\t\t\t\t\t\t\t\t\t\t<a class=\"elementor-button elementor-button-link elementor-size-sm\" href=\"https:\/\/gaec-ancia.fr\/wp-content\/uploads\/2026\/03\/Liste_Plants_Legumes_GAEC_ANCIA_2026_VF6.pdf\" target=\"_blank\">\n\t\t\t\t\t\t<span class=\"elementor-button-content-wrapper\">\n\t\t\t\t\t\t\t\t\t<span class=\"elementor-button-text\">Liste l\u00e9gumes<\/span>\n\t\t\t\t\t<\/span>\n\t\t\t\t\t<\/a>\n\t\t\t\t\t\t\t\t<\/div>\n\t\t\t\t<div class=\"elementor-element elementor-element-15f585e elementor-align-center elementor-widget elementor-widget-button\" data-id=\"15f585e\" data-element_type=\"widget\" data-e-type=\"widget\" data-widget_type=\"button.default\">\n\t\t\t\t\t\t\t\t\t\t<a class=\"elementor-button elementor-button-link elementor-size-sm\" href=\"https:\/\/gaec-ancia.fr\/wp-content\/uploads\/2026\/03\/Liste_Plants_AromTiFruits_GAEC_ANCIA_2026_VF6.pdf\" target=\"_blank\">\n\t\t\t\t\t\t<span class=\"elementor-button-content-wrapper\">\n\t\t\t\t\t\t\t\t\t<span class=\"elementor-button-text\">Liste aromatiques<\/span>\n\t\t\t\t\t<\/span>\n\t\t\t\t\t<\/a>\n\t\t\t\t\t\t\t\t<\/div>\n\t\t\t\t<div class=\"elementor-element elementor-element-680c34d elementor-align-center elementor-widget elementor-widget-button\" data-id=\"680c34d\" data-element_type=\"widget\" data-e-type=\"widget\" data-widget_type=\"button.default\">\n\t\t\t\t\t\t\t\t\t\t<a class=\"elementor-button elementor-button-link elementor-size-sm\" href=\"https:\/\/gaec-ancia.fr\/wp-content\/uploads\/2026\/03\/Liste_Plants_Fleurs_GAEC_ANCIA_2026_VF6.pdf\" target=\"_blank\">\n\t\t\t\t\t\t<span class=\"elementor-button-content-wrapper\">\n\t\t\t\t\t\t\t\t\t<span class=\"elementor-button-text\">Liste fleurs<\/span>\n\t\t\t\t\t<\/span>\n\t\t\t\t\t<\/a>\n\t\t\t\t\t\t\t\t<\/div>\n\t\t\t\t\t<\/div>\n\t\t\t\t<\/div>\n\t\t<div class=\"elementor-element elementor-element-1ad6ec2 e-flex e-con-boxed e-con e-parent\" data-id=\"1ad6ec2\" data-element_type=\"container\" data-e-type=\"container\">\n\t\t\t\t\t<div class=\"e-con-inner\">\n\t\t\t\t<div class=\"elementor-element elementor-element-8d5894a elementor-widget elementor-widget-text-editor\" data-id=\"8d5894a\" data-element_type=\"widget\" data-e-type=\"widget\" data-widget_type=\"text-editor.default\">\n\t\t\t\t\t\t\t\t\t<p>Les plants sont conditionn\u00e9s en mottes, godets ou pots selon les esp\u00e8ces et leur d\u00e9veloppement. Les poireaux \u00e0 repiquer sont livr\u00e9s en racines nues. Les vari\u00e9t\u00e9s propos\u00e9es pour votre potager sont adapt\u00e9es \u00e0 chaque saison : printemps, \u00e9t\u00e9, automne ou hiver.<\/p><p>Tout d&rsquo;abord des l\u00e9gumes : des vari\u00e9t\u00e9s anciennes et productives \u00e0 planter dans votre jardin : tomates, salades, courgettes, concombres, choux, etc. Vous appr\u00e9cierez aussi nos aromatiques annuels et p\u00e9rennes : leur saveur en tisane, leur go\u00fbt dans vos plats cuisin\u00e9s. Et quel plaisir de cueillir une feuille en passant et de la froisser sous son nez! A partir de cette campagne 2026, en plus des fraisiers, vous trouverez des petits fruits (cassis, framboise). Dans notre s\u00e9lection de fleurs : certaines peuvent \u00eatre utilis\u00e9es en salade (tag\u00e8te citron) ou pour fabriquer des boissons (bissap) ; d&rsquo;autres sont tr\u00e8s odorantes (violette), d\u00e9coratives ou utilitaires (comme la tag\u00e8te naine compagne des tomates). Pour des massifs ou fleurs coup\u00e9es, choisissez vos couleurs pr\u00e9f\u00e9r\u00e9es : le rose des \u0153illets, la pourpre des \u00e9chinac\u00e9es, le bleu des bourraches et des bleuets, les nuances vari\u00e9es des mufliers et des immortelles.\u00a0<\/p>\t\t\t\t\t\t\t\t<\/div>\n\t\t\t\t\t<\/div>\n\t\t\t\t<\/div>\n\t\t\t\t<\/div>\n\t\t","protected":false},"excerpt":{"rendered":"<p>Plants bio adapt\u00e9s \u00e0 la saison et au territoire Des esp\u00e8ces &amp; vari\u00e9t\u00e9s choisies avec soin pour le Pays Basque et le B\u00e9arn T\u00e9l\u00e9chargez ci-dessous nos catalogues PARTICULIERS Ces listes correspondent \u00e0 notre production de d\u00e9but de saison. Au fil des ventes, certaines vari\u00e9t\u00e9s ne seront peut-\u00eatre plus disponibles ! Venez \u00e0 notre rencontre, nous [&hellip;]<\/p>\n","protected":false},"author":1,"featured_media":0,"parent":0,"menu_order":0,"comment_status":"closed","ping_status":"closed","template":"","meta":{"footnotes":""},"class_list":["post-259","page","type-page","status-publish","hentry","entry"],"yoast_head":"<!-- This site is optimized with the Yoast SEO plugin v27.0 - https:\/\/yoast.com\/product\/yoast-seo-wordpress\/ -->\n<title>Nos plants - GAEC ANCIA<\/title>\n<meta name=\"description\" content=\"Description d\u00e9taill\u00e9e des esp\u00e8ces et vari\u00e9t\u00e9s des plants bio de l\u00e9gumes, aromatiques, fleurs que vous trouverez dans notre serre de Sauguis.\" \/>\n<meta name=\"robots\" content=\"index, follow, max-snippet:-1, max-image-preview:large, max-video-preview:-1\" \/>\n<link rel=\"canonical\" href=\"https:\/\/gaec-ancia.fr\/index.php\/nos-plants\/\" \/>\n<meta property=\"og:locale\" content=\"fr_FR\" \/>\n<meta property=\"og:type\" content=\"article\" \/>\n<meta property=\"og:title\" content=\"Nos plants - GAEC ANCIA\" \/>\n<meta property=\"og:description\" content=\"Description d\u00e9taill\u00e9e des esp\u00e8ces et vari\u00e9t\u00e9s des plants bio de l\u00e9gumes, aromatiques, fleurs que vous trouverez dans notre serre de Sauguis.\" \/>\n<meta property=\"og:url\" content=\"https:\/\/gaec-ancia.fr\/index.php\/nos-plants\/\" \/>\n<meta property=\"og:site_name\" content=\"GAEC ANCIA\" \/>\n<meta property=\"article:publisher\" content=\"https:\/\/www.facebook.com\/p\/GAEC-ANCIA-100095309071551\/\" \/>\n<meta property=\"article:modified_time\" content=\"2026-03-20T08:31:29+00:00\" \/>\n<meta property=\"og:image\" content=\"https:\/\/gaec-ancia.fr\/wp-content\/uploads\/2026\/03\/Image-Lagumes.jpg\" \/>\n\t<meta property=\"og:image:width\" content=\"615\" \/>\n\t<meta property=\"og:image:height\" content=\"563\" \/>\n\t<meta property=\"og:image:type\" content=\"image\/jpeg\" \/>\n<meta name=\"twitter:card\" content=\"summary_large_image\" \/>\n<meta name=\"twitter:label1\" content=\"Dur\u00e9e de lecture estim\u00e9e\" \/>\n\t<meta name=\"twitter:data1\" content=\"3 minutes\" \/>\n<script type=\"application\/ld+json\" class=\"yoast-schema-graph\">{\"@context\":\"https:\/\/schema.org\",\"@graph\":[{\"@type\":\"WebPage\",\"@id\":\"https:\/\/gaec-ancia.fr\/index.php\/nos-plants\/\",\"url\":\"https:\/\/gaec-ancia.fr\/index.php\/nos-plants\/\",\"name\":\"Nos plants - GAEC ANCIA\",\"isPartOf\":{\"@id\":\"https:\/\/gaec-ancia.fr\/#website\"},\"primaryImageOfPage\":{\"@id\":\"https:\/\/gaec-ancia.fr\/index.php\/nos-plants\/#primaryimage\"},\"image\":{\"@id\":\"https:\/\/gaec-ancia.fr\/index.php\/nos-plants\/#primaryimage\"},\"thumbnailUrl\":\"https:\/\/gaec-ancia.fr\/wp-content\/uploads\/2026\/03\/Image-Lagumes.jpg\",\"datePublished\":\"2025-12-10T17:20:28+00:00\",\"dateModified\":\"2026-03-20T08:31:29+00:00\",\"description\":\"Description d\u00e9taill\u00e9e des esp\u00e8ces et vari\u00e9t\u00e9s des plants bio de l\u00e9gumes, aromatiques, fleurs que vous trouverez dans notre serre de Sauguis.\",\"breadcrumb\":{\"@id\":\"https:\/\/gaec-ancia.fr\/index.php\/nos-plants\/#breadcrumb\"},\"inLanguage\":\"fr-FR\",\"potentialAction\":[{\"@type\":\"ReadAction\",\"target\":[\"https:\/\/gaec-ancia.fr\/index.php\/nos-plants\/\"]}]},{\"@type\":\"ImageObject\",\"inLanguage\":\"fr-FR\",\"@id\":\"https:\/\/gaec-ancia.fr\/index.php\/nos-plants\/#primaryimage\",\"url\":\"https:\/\/gaec-ancia.fr\/wp-content\/uploads\/2026\/03\/Image-Lagumes.jpg\",\"contentUrl\":\"https:\/\/gaec-ancia.fr\/wp-content\/uploads\/2026\/03\/Image-Lagumes.jpg\",\"width\":615,\"height\":563,\"caption\":\"Photo de l\u00e9gumes d'\u00e9t\u00e9 vari\u00e9s\"},{\"@type\":\"BreadcrumbList\",\"@id\":\"https:\/\/gaec-ancia.fr\/index.php\/nos-plants\/#breadcrumb\",\"itemListElement\":[{\"@type\":\"ListItem\",\"position\":1,\"name\":\"Accueil\",\"item\":\"https:\/\/gaec-ancia.fr\/\"},{\"@type\":\"ListItem\",\"position\":2,\"name\":\"Nos plants\"}]},{\"@type\":\"WebSite\",\"@id\":\"https:\/\/gaec-ancia.fr\/#website\",\"url\":\"https:\/\/gaec-ancia.fr\/\",\"name\":\"GAEC ANCIA\",\"description\":\"P\u00e9pini\u00e8re horticole bio\",\"publisher\":{\"@id\":\"https:\/\/gaec-ancia.fr\/#organization\"},\"potentialAction\":[{\"@type\":\"SearchAction\",\"target\":{\"@type\":\"EntryPoint\",\"urlTemplate\":\"https:\/\/gaec-ancia.fr\/?s={search_term_string}\"},\"query-input\":{\"@type\":\"PropertyValueSpecification\",\"valueRequired\":true,\"valueName\":\"search_term_string\"}}],\"inLanguage\":\"fr-FR\"},{\"@type\":\"Organization\",\"@id\":\"https:\/\/gaec-ancia.fr\/#organization\",\"name\":\"GAEC ANCIA\",\"alternateName\":\"GAEC ANCIA\",\"url\":\"https:\/\/gaec-ancia.fr\/\",\"logo\":{\"@type\":\"ImageObject\",\"inLanguage\":\"fr-FR\",\"@id\":\"https:\/\/gaec-ancia.fr\/#\/schema\/logo\/image\/\",\"url\":\"https:\/\/gaec-ancia.fr\/wp-content\/uploads\/2025\/12\/cropped-cropped-Logo-GAEC_ANCIA_AB_blanc_vf.jpg\",\"contentUrl\":\"https:\/\/gaec-ancia.fr\/wp-content\/uploads\/2025\/12\/cropped-cropped-Logo-GAEC_ANCIA_AB_blanc_vf.jpg\",\"width\":572,\"height\":261,\"caption\":\"GAEC ANCIA\"},\"image\":{\"@id\":\"https:\/\/gaec-ancia.fr\/#\/schema\/logo\/image\/\"},\"sameAs\":[\"https:\/\/www.facebook.com\/p\/GAEC-ANCIA-100095309071551\/\"]}]}<\/script>\n<!-- \/ Yoast SEO plugin. -->","yoast_head_json":{"title":"Nos plants - GAEC ANCIA","description":"Description d\u00e9taill\u00e9e des esp\u00e8ces et vari\u00e9t\u00e9s des plants bio de l\u00e9gumes, aromatiques, fleurs que vous trouverez dans notre serre de Sauguis.","robots":{"index":"index","follow":"follow","max-snippet":"max-snippet:-1","max-image-preview":"max-image-preview:large","max-video-preview":"max-video-preview:-1"},"canonical":"https:\/\/gaec-ancia.fr\/index.php\/nos-plants\/","og_locale":"fr_FR","og_type":"article","og_title":"Nos plants - GAEC ANCIA","og_description":"Description d\u00e9taill\u00e9e des esp\u00e8ces et vari\u00e9t\u00e9s des plants bio de l\u00e9gumes, aromatiques, fleurs que vous trouverez dans notre serre de Sauguis.","og_url":"https:\/\/gaec-ancia.fr\/index.php\/nos-plants\/","og_site_name":"GAEC ANCIA","article_publisher":"https:\/\/www.facebook.com\/p\/GAEC-ANCIA-100095309071551\/","article_modified_time":"2026-03-20T08:31:29+00:00","og_image":[{"width":615,"height":563,"url":"https:\/\/gaec-ancia.fr\/wp-content\/uploads\/2026\/03\/Image-Lagumes.jpg","type":"image\/jpeg"}],"twitter_card":"summary_large_image","twitter_misc":{"Dur\u00e9e de lecture estim\u00e9e":"3 minutes"},"schema":{"@context":"https:\/\/schema.org","@graph":[{"@type":"WebPage","@id":"https:\/\/gaec-ancia.fr\/index.php\/nos-plants\/","url":"https:\/\/gaec-ancia.fr\/index.php\/nos-plants\/","name":"Nos plants - GAEC ANCIA","isPartOf":{"@id":"https:\/\/gaec-ancia.fr\/#website"},"primaryImageOfPage":{"@id":"https:\/\/gaec-ancia.fr\/index.php\/nos-plants\/#primaryimage"},"image":{"@id":"https:\/\/gaec-ancia.fr\/index.php\/nos-plants\/#primaryimage"},"thumbnailUrl":"https:\/\/gaec-ancia.fr\/wp-content\/uploads\/2026\/03\/Image-Lagumes.jpg","datePublished":"2025-12-10T17:20:28+00:00","dateModified":"2026-03-20T08:31:29+00:00","description":"Description d\u00e9taill\u00e9e des esp\u00e8ces et vari\u00e9t\u00e9s des plants bio de l\u00e9gumes, aromatiques, fleurs que vous trouverez dans notre serre de Sauguis.","breadcrumb":{"@id":"https:\/\/gaec-ancia.fr\/index.php\/nos-plants\/#breadcrumb"},"inLanguage":"fr-FR","potentialAction":[{"@type":"ReadAction","target":["https:\/\/gaec-ancia.fr\/index.php\/nos-plants\/"]}]},{"@type":"ImageObject","inLanguage":"fr-FR","@id":"https:\/\/gaec-ancia.fr\/index.php\/nos-plants\/#primaryimage","url":"https:\/\/gaec-ancia.fr\/wp-content\/uploads\/2026\/03\/Image-Lagumes.jpg","contentUrl":"https:\/\/gaec-ancia.fr\/wp-content\/uploads\/2026\/03\/Image-Lagumes.jpg","width":615,"height":563,"caption":"Photo de l\u00e9gumes d'\u00e9t\u00e9 vari\u00e9s"},{"@type":"BreadcrumbList","@id":"https:\/\/gaec-ancia.fr\/index.php\/nos-plants\/#breadcrumb","itemListElement":[{"@type":"ListItem","position":1,"name":"Accueil","item":"https:\/\/gaec-ancia.fr\/"},{"@type":"ListItem","position":2,"name":"Nos plants"}]},{"@type":"WebSite","@id":"https:\/\/gaec-ancia.fr\/#website","url":"https:\/\/gaec-ancia.fr\/","name":"GAEC ANCIA","description":"P\u00e9pini\u00e8re horticole bio","publisher":{"@id":"https:\/\/gaec-ancia.fr\/#organization"},"potentialAction":[{"@type":"SearchAction","target":{"@type":"EntryPoint","urlTemplate":"https:\/\/gaec-ancia.fr\/?s={search_term_string}"},"query-input":{"@type":"PropertyValueSpecification","valueRequired":true,"valueName":"search_term_string"}}],"inLanguage":"fr-FR"},{"@type":"Organization","@id":"https:\/\/gaec-ancia.fr\/#organization","name":"GAEC ANCIA","alternateName":"GAEC ANCIA","url":"https:\/\/gaec-ancia.fr\/","logo":{"@type":"ImageObject","inLanguage":"fr-FR","@id":"https:\/\/gaec-ancia.fr\/#\/schema\/logo\/image\/","url":"https:\/\/gaec-ancia.fr\/wp-content\/uploads\/2025\/12\/cropped-cropped-Logo-GAEC_ANCIA_AB_blanc_vf.jpg","contentUrl":"https:\/\/gaec-ancia.fr\/wp-content\/uploads\/2025\/12\/cropped-cropped-Logo-GAEC_ANCIA_AB_blanc_vf.jpg","width":572,"height":261,"caption":"GAEC ANCIA"},"image":{"@id":"https:\/\/gaec-ancia.fr\/#\/schema\/logo\/image\/"},"sameAs":["https:\/\/www.facebook.com\/p\/GAEC-ANCIA-100095309071551\/"]}]}},"_links":{"self":[{"href":"https:\/\/gaec-ancia.fr\/index.php\/wp-json\/wp\/v2\/pages\/259","targetHints":{"allow":["GET"]}}],"collection":[{"href":"https:\/\/gaec-ancia.fr\/index.php\/wp-json\/wp\/v2\/pages"}],"about":[{"href":"https:\/\/gaec-ancia.fr\/index.php\/wp-json\/wp\/v2\/types\/page"}],"author":[{"embeddable":true,"href":"https:\/\/gaec-ancia.fr\/index.php\/wp-json\/wp\/v2\/users\/1"}],"replies":[{"embeddable":true,"href":"https:\/\/gaec-ancia.fr\/index.php\/wp-json\/wp\/v2\/comments?post=259"}],"version-history":[{"count":61,"href":"https:\/\/gaec-ancia.fr\/index.php\/wp-json\/wp\/v2\/pages\/259\/revisions"}],"predecessor-version":[{"id":632,"href":"https:\/\/gaec-ancia.fr\/index.php\/wp-json\/wp\/v2\/pages\/259\/revisions\/632"}],"wp:attachment":[{"href":"https:\/\/gaec-ancia.fr\/index.php\/wp-json\/wp\/v2\/media?parent=259"}],"curies":[{"name":"wp","href":"https:\/\/api.w.org\/{rel}","templated":true}]}}